{"id":426,"date":"2022-01-29T01:27:02","date_gmt":"2022-01-28T23:27:02","guid":{"rendered":"https:\/\/metinajumi.lv\/?page_id=426"},"modified":"2024-02-16T15:45:22","modified_gmt":"2024-02-16T13:45:22","slug":"fuer-haus-und-garten","status":"publish","type":"page","link":"https:\/\/metinajumi.lv\/de\/fuer-haus-und-garten\/","title":{"rendered":"F\u00fcr Haus und Garten"},"content":{"rendered":"<p>Als Erweiterung unserer Produktpalette fertigen wir auch St\u00fchle, Blumenregale und andere Haushaltsartikel nach Ihren W\u00fcnschen! Wir sind offen f\u00fcr Ihre Ideen!<\/p>\n<h4 class=\"special-heading\"> Wir k\u00f6nnen <span class=\"color-main\">machen:<\/span> <\/h4>\n<ul class=\"list-styled list-wide\">\n<li> Dekorative Metalltreppe, <\/li>\n<li> Geschmackvolles Metalltor, <\/li>\n<li> Metallbauregale, <\/li>\n<li> Alle anderen Metallprodukte f\u00fcr Haus und Garten.<\/li>\n<\/ul>\n","protected":false},"excerpt":{"rendered":"<p>Als Erweiterung unserer Produktpalette fertigen wir auch St\u00fchle, Blumenregale und andere Haushaltsartikel nach Ihren W\u00fcnschen! Wir sind offen f\u00fcr Ihre Ideen! Wir k\u00f6nnen machen: Dekorative Metalltreppe, Geschmackvolles Metalltor, Metallbauregale, Alle anderen Metallprodukte f\u00fcr Haus und Garten.<\/p>\n","protected":false},"author":1,"featured_media":0,"parent":0,"menu_order":0,"comment_status":"closed","ping_status":"closed","template":"page-majai.php","meta":[],"_links":{"self":[{"href":"https:\/\/metinajumi.lv\/de\/wp-json\/wp\/v2\/pages\/426"}],"collection":[{"href":"https:\/\/metinajumi.lv\/de\/wp-json\/wp\/v2\/pages"}],"about":[{"href":"https:\/\/metinajumi.lv\/de\/wp-json\/wp\/v2\/types\/page"}],"author":[{"embeddable":true,"href":"https:\/\/metinajumi.lv\/de\/wp-json\/wp\/v2\/users\/1"}],"replies":[{"embeddable":true,"href":"https:\/\/metinajumi.lv\/de\/wp-json\/wp\/v2\/comments?post=426"}],"version-history":[{"count":2,"href":"https:\/\/metinajumi.lv\/de\/wp-json\/wp\/v2\/pages\/426\/revisions"}],"predecessor-version":[{"id":435,"href":"https:\/\/metinajumi.lv\/de\/wp-json\/wp\/v2\/pages\/426\/revisions\/435"}],"wp:attachment":[{"href":"https:\/\/metinajumi.lv\/de\/wp-json\/wp\/v2\/media?parent=426"}],"curies":[{"name":"wp","href":"https:\/\/api.w.org\/{rel}","templated":true}]}}